{"id":21280,"date":"2024-01-19T12:47:27","date_gmt":"2024-01-19T11:47:27","guid":{"rendered":"https:\/\/robotservice.se\/product\/abb-robot-irb1400\/"},"modified":"2024-03-06T11:22:33","modified_gmt":"2024-03-06T10:22:33","slug":"abb-robot-irb1400","status":"publish","type":"product","link":"https:\/\/robotservice.se\/en\/product\/abb-robot-irb1400\/","title":{"rendered":"ABB Robot IRB1400"},"content":{"rendered":"<p><strong>Varianter:<\/strong><br \/>\nIRB1400 &#8211; F\u00f6r st\u00e5ende montering.<br \/>\nIRB1400H &#8211; F\u00f6r h\u00e4ngande montering.<\/p>\n<div id=\"gtx-trans\" style=\"position: absolute; left: -42px; top: 8px;\">\n<div class=\"gtx-trans-icon\"><\/div>\n<\/div>","protected":false},"excerpt":{"rendered":"<p>Varianter: IRB1400 &#8211; F\u00f6r st\u00e5ende montering. IRB1400H &#8211; F\u00f6r h\u00e4ngande montering.<\/p>","protected":false},"featured_media":20998,"comment_status":"closed","ping_status":"closed","template":"","meta":{"_et_pb_use_builder":"","_et_pb_old_content":"","_et_gb_content_width":"","_monsterinsights_skip_tracking":false,"_monsterinsights_sitenote_active":false,"_monsterinsights_sitenote_note":"","_monsterinsights_sitenote_category":0},"pwb-brand":[],"product_brand":[],"product_cat":[208,158,214],"product_tag":[264,262,263,266,267],"class_list":{"0":"post-21280","1":"product","2":"type-product","3":"status-publish","4":"has-post-thumbnail","6":"product_cat-irc5","7":"product_cat-robotar","8":"product_cat-s4","9":"product_tag-irc5","10":"product_tag-robot","11":"product_tag-robotar","12":"product_tag-s4","13":"product_tag-s4c","14":"pa_axlar-260","15":"pa_marke-abb","16":"pa_styrsystem-irc5","17":"pa_styrsystem-s4c-2","19":"first","20":"instock","21":"sold-individually","22":"product-type-simple"},"brands":[],"_links":{"self":[{"href":"https:\/\/robotservice.se\/en\/wp-json\/wp\/v2\/product\/21280","targetHints":{"allow":["GET"]}}],"collection":[{"href":"https:\/\/robotservice.se\/en\/wp-json\/wp\/v2\/product"}],"about":[{"href":"https:\/\/robotservice.se\/en\/wp-json\/wp\/v2\/types\/product"}],"replies":[{"embeddable":true,"href":"https:\/\/robotservice.se\/en\/wp-json\/wp\/v2\/comments?post=21280"}],"wp:featuredmedia":[{"embeddable":true,"href":"https:\/\/robotservice.se\/en\/wp-json\/wp\/v2\/media\/20998"}],"wp:attachment":[{"href":"https:\/\/robotservice.se\/en\/wp-json\/wp\/v2\/media?parent=21280"}],"wp:term":[{"taxonomy":"pwb-brand","embeddable":true,"href":"https:\/\/robotservice.se\/en\/wp-json\/wp\/v2\/pwb-brand?post=21280"},{"taxonomy":"product_brand","embeddable":true,"href":"https:\/\/robotservice.se\/en\/wp-json\/wp\/v2\/product_brand?post=21280"},{"taxonomy":"product_cat","embeddable":true,"href":"https:\/\/robotservice.se\/en\/wp-json\/wp\/v2\/product_cat?post=21280"},{"taxonomy":"product_tag","embeddable":true,"href":"https:\/\/robotservice.se\/en\/wp-json\/wp\/v2\/product_tag?post=21280"}],"curies":[{"name":"wp","href":"https:\/\/api.w.org\/{rel}","templated":true}]}}