{"id":5406,"date":"2019-12-16T15:01:49","date_gmt":"2019-12-16T14:01:49","guid":{"rendered":"https:\/\/mydobot.se\/?page_id=5406"},"modified":"2024-04-10T10:41:19","modified_gmt":"2024-04-10T08:41:19","slug":"om-oss","status":"publish","type":"page","link":"https:\/\/robotservice.se\/en\/om-oss\/","title":{"rendered":"About us"},"content":{"rendered":"<p>[et_pb_section fb_built=&#8221;1&#8243; admin_label=&#8221;section&#8221; _builder_version=&#8221;4.16&#8243; global_colors_info=&#8221;{}&#8221;][et_pb_row admin_label=&#8221;row&#8221; _builder_version=&#8221;4.16&#8243; background_size=&#8221;initial&#8221; background_position=&#8221;top_left&#8221; background_repeat=&#8221;repeat&#8221; global_colors_info=&#8221;{}&#8221;][et_pb_column type=&#8221;4_4&#8243; _builder_version=&#8221;4.16&#8243; custom_padding=&#8221;|||&#8221; global_colors_info=&#8221;{}&#8221; custom_padding__hover=&#8221;|||&#8221;][et_pb_text _builder_version=&#8221;4.23.4&#8243; _module_preset=&#8221;default&#8221; hover_enabled=&#8221;0&#8243; global_colors_info=&#8221;{}&#8221; sticky_enabled=&#8221;0&#8243;]<\/p>\n<h2>Om Robotservice<\/h2>\n<p><span>Vi \u00e4r ett service- och automationsf\u00f6retag med inriktning p\u00e5 industrirobotar.<\/span><\/p>\n<p><span>Vi kan erbjuda nya och begagnade ABB, Kuka, Fanuc och OTC-robotar, reparation av robotelektronik, nyckelf\u00e4rdiga robotinstallationer, utbildning, robotprogrammering, design och utveckling av robotverktyg, fixturer\/transportssystem, s\u00e4kerhetsystem och CE-m\u00e4rkning.<\/span><\/p>\n<p><span>Vi har erfarenhet fr\u00e5n de flesta tillverkningsbranscher: Pl\u00e5t, Metall, Livsmedel, Bygg, Plast, M\u00f6beltr\u00e4, Papper och F\u00f6rpackningsindustrin.<\/span><\/p>\n<p><span>V\u00e5rt m\u00e5l \u00e4r att erbjuda billiga och kostnadseffektiva automationsl\u00f6sningar, med lokal kontakt med slutkunden.<\/span><\/p>\n<div id=\"gtx-trans\" style=\"position: absolute; left: 91px; top: 337.812px;\">\n<div class=\"gtx-trans-icon\"><\/div>\n<\/div>\n<p>[\/et_pb_text][\/et_pb_column][\/et_pb_row][et_pb_row _builder_version=&#8221;4.23.4&#8243; _module_preset=&#8221;default&#8221; global_colors_info=&#8221;{}&#8221;][et_pb_column type=&#8221;4_4&#8243; _builder_version=&#8221;4.23.4&#8243; _module_preset=&#8221;default&#8221; global_colors_info=&#8221;{}&#8221;][et_pb_team_member name=&#8221;Mikael Jansson&#8221; position=&#8221;CEO&#8221; image_url=&#8221;https:\/\/media.robotservice.se\/\/2024\/01\/generic_person_portrait_half.png&#8221; _builder_version=&#8221;4.23.4&#8243; _module_preset=&#8221;default&#8221; border_width_all_image=&#8221;5px&#8221; global_colors_info=&#8221;{}&#8221;]<i class=\"fas fa-phone-alt\" style=\"color: #333399;\"><\/i> 070-671 07 63<\/p>\n<p><i class=\"fas fa-envelope\" style=\"color: #333399;\"><\/i> <a href=\"mailto:info@robotservice.se\" target=\"_blank\" rel=\"noopener\">info@robotservice.se<\/a>[\/et_pb_team_member][et_pb_team_member name=&#8221;Anton Jansson&#8221; image_url=&#8221;https:\/\/media.robotservice.se\/\/2024\/01\/generic_person_portrait_half.png&#8221; _builder_version=&#8221;4.23.4&#8243; _module_preset=&#8221;default&#8221; border_width_all_image=&#8221;5px&#8221; global_colors_info=&#8221;{}&#8221;]<\/p>\n<p><i class=\"fas fa-phone-alt\" style=\"color: #333399;\"><\/i> 073-637 47 67<\/p>\n<p><i class=\"fas fa-envelope\" style=\"color: #333399;\"><\/i> <a href=\"mailto:anton@robotservice.se\">anton@robotservice.se<\/a><\/p>\n<p>[\/et_pb_team_member][et_pb_team_member name=&#8221;Henrik Forsstr\u00f6m&#8221; position=&#8221;Tekniker&#8221; image_url=&#8221;https:\/\/media.robotservice.se\/\/2024\/01\/generic_person_portrait_half.png&#8221; _builder_version=&#8221;4.23.4&#8243; _module_preset=&#8221;default&#8221; border_width_all_image=&#8221;5px&#8221; global_colors_info=&#8221;{}&#8221;]<i class=\"fas fa-phone-alt\" style=\"color: #333399;\"><\/i> 076-131 03 67<\/p>\n<p><i class=\"fas fa-envelope\" style=\"color: #333399;\"><\/i> <a href=\"mailto:henrik@robotservice.se\">henrik@robotservice.se<\/a>[\/et_pb_team_member][et_pb_team_member name=&#8221;Martin Ek&#8221; position=&#8221;Programmerare, Utbildare&#8221; image_url=&#8221;https:\/\/media.robotservice.se\/\/2024\/01\/20190618_151148_half.png&#8221; _builder_version=&#8221;4.23.4&#8243; _module_preset=&#8221;default&#8221; border_width_all_image=&#8221;5px&#8221; global_colors_info=&#8221;{}&#8221;]<i class=\"fas fa-phone-alt\" style=\"color: #333399;\"><\/i> 076-138 88 41<\/p>\n<p><i class=\"fas fa-envelope\" style=\"color: #333399;\"><\/i> <a href=\"mailto:martin@robotservice.se\">martin@robotservice.se<\/a>[\/et_pb_team_member][et_pb_team_member name=&#8221;William Gustafsson&#8221; position=&#8221;Tekniker&#8221; image_url=&#8221;https:\/\/media.robotservice.se\/\/2024\/01\/generic_person_portrait_half.png&#8221; _builder_version=&#8221;4.23.4&#8243; _module_preset=&#8221;default&#8221; border_width_all_image=&#8221;5px&#8221; global_colors_info=&#8221;{}&#8221;]<i class=\"fas fa-phone-alt\" style=\"color: #333399;\"><\/i> 076-116 22 11<\/p>\n<p><i class=\"fas fa-envelope\" style=\"color: #333399;\"><\/i> <a href=\"mailto:william@robotservice.se\">wiliam@robotservice.se<\/a>[\/et_pb_team_member][\/et_pb_column][\/et_pb_row][\/et_pb_section]<\/p>\n","protected":false},"excerpt":{"rendered":"<p>Om Robotservice Vi \u00e4r ett service- och automationsf\u00f6retag med inriktning p\u00e5 industrirobotar. Vi kan erbjuda nya och begagnade ABB, Kuka, Fanuc och OTC-robotar, reparation av robotelektronik, nyckelf\u00e4rdiga robotinstallationer, utbildning, robotprogrammering, design och utveckling av robotverktyg, fixturer\/transportssystem, s\u00e4kerhetsystem och CE-m\u00e4rkning. Vi har erfarenhet fr\u00e5n de flesta tillverkningsbranscher: Pl\u00e5t, Metall, Livsmedel, Bygg, Plast, M\u00f6beltr\u00e4, Papper och F\u00f6rpackningsindustrin. [&hellip;]<\/p>\n","protected":false},"author":7,"featured_media":0,"parent":0,"menu_order":0,"comment_status":"closed","ping_status":"closed","template":"","meta":{"_et_pb_use_builder":"on","_et_pb_old_content":"<h2>Skaka hand med framtiden<\/h2>\t\t\n\t\t<p>Dobot \u00e4r en v\u00e4rldsledande leverant\u00f6r av intelligenta robotarmar. V\u00e5r l\u00f6sning integrerar s\u00f6ml\u00f6st AI-drivna l\u00e4tta robotarmar och egenutvecklad mjukvarupaket, vilket effektivt hj\u00e4lper industrikunder att navigera runt stigande l\u00f6ner, brist p\u00e5 kvalificerade arbetare och andra flaskhalsar som hindrar f\u00f6retag att skala. Genom att ers\u00e4tta traditionella tillverkningsprocesser med avancerade m\u00e4nniskor-maskin-samarbetsmodeller uppfyller Dobot kraven p\u00e5 flexibel produktion, spelar en avg\u00f6rande roll f\u00f6r att h\u00f6ja tillverkningsindustrin i Kina och kommer att vara standarden f\u00f6r morgondagens smarta produktionsprocess. Dessutom \u00e4r Dobot stolta \u00f6ver att vara i spetsen robotarmsmedvetenhet inom utbildning och forskning. Vi har samarbetat med globalt k\u00e4nda K12 och h\u00f6gre akademiska institutioner, vilket ger Dobot robotarmsl\u00f6sningar till \u00f6ver<br \/>2 miljoner l\u00e4rare och forskare.Dobot \u00e4r kundcentrerat och v\u00e4rdes\u00e4tter oberoende innovation. Under de senaste 5 \u00e5ren sedan grundandet insisterar vi p\u00e5 att utveckla v\u00e5r egen l\u00f6sning om nyckelteknologi. V\u00e5rt team \u00e4r alltid ett steg f\u00f6re, skapar nya produktkategorier och definierar nya smarta produktionsstandarder f\u00f6r att st\u00f6dja tillverkningsindustrin.<\/p>\t\t\n\t\t\t<h2>Om oss<\/h2>\t\t\n\t\t<p>Den nuvarande eran \u00e4r mitt i en betydande omvandling av hur produkter produceras tack vare automatisering och digitalisering av tillverkningen. Fr\u00e5n den f\u00f6rsta industriella revolutionen (mekaniserad produktion genom \u00e5ngmotorer) till massproduktions- och monteringslinjer som anv\u00e4nder el i den andra och datorer och automatisering som antogs i den tredje, kommer Industry 4.0 att ytterligare f\u00f6rb\u00e4ttra v\u00e5ra liv genom teknik inklusive smart anslutning, molnber\u00e4kning, big data, maskininl\u00e4rning och artificiell intelligens. Industrisamh\u00e4llet 4.0 \u00e4r en v\u00e4rld d\u00e4r intelligenta robotarmar potentiellt kommer att anv\u00e4ndas i alla aspekter av v\u00e5ra liv, inklusive utbildning, industri, f\u00f6retag och dagliga liv. Varje revolution inom industrin kommer att resultera i utbildningens revolution.<\/p><p>Men tyv\u00e4rr verkar utbildning fortfarande ligga efter och inte v\u00e5rda den typ av talanger som kan l\u00f6sa de verkliga och praktiska problemen som branschen st\u00e5r inf\u00f6r eller potentiellt kommer att hantera. Utmaningen i framtiden kan inte vara bristen p\u00e5 syssels\u00e4ttning, utan bristen p\u00e5 skickliga talanger som de nya jobben kommer att kr\u00e4va. Det \u00e4r dags f\u00f6r utbildning att h\u00e5lla j\u00e4mna steg med teknikutvecklingen och ta ansvaret f\u00f6r att l\u00e4gga en solid grund f\u00f6r morgondagens arbetskraft som beh\u00f6vs i Industri 4.0 och AI -eran, vilket \u00e4r precis det uppdrag DOBOT \u00e4r avsett att forts\u00e4tta.<\/p><p>DOBOT \u00e4r dedikerat till att effektivt odla robottalanger f\u00f6r att b\u00e4ttre tillgodose behoven i Industry 4.0 och framtiden. DOBOT kommer att g\u00f6ra sitt b\u00e4sta f\u00f6r att popularisera konceptet, kunskapen och till\u00e4mpningen av smarta robotarmar och tillh\u00f6rande AI -teknik, \u00f6verbrygga klyftan mellan nuvarande STEM -utbildning och industriella behov och slutligen hj\u00e4lpa m\u00e4nniskor att l\u00e4ra sig hur man tar f\u00f6rdelar med intelligenta robotarmar f\u00f6r att f\u00f6rb\u00e4ttra sina egna liv f\u00f6r att leda i en tid med industriell uppgradering och artificiell intelligens.<\/p><p>DOBOT grundades 2015 och \u00e4r en v\u00e4rldsledande leverant\u00f6r av teknologil\u00f6sningar f\u00f6r robotindustrin, med fokus p\u00e5 utvecklingen av alla uppfattningsfulla intelligenta robotarmar som integrerar uppfattning och interaktion.<\/p><p>I oktober 2015 lanserade DOBOT en Kickstarter -kampanj f\u00f6r den f\u00f6rsta generationens skrivbordsrobotarm som heter DOBOT och tog slutligen in 650 000 dollar, vilket l\u00e5ngt \u00f6versteg sitt ursprungliga finansieringsm\u00e5l. \u00c4nda sedan dess har DOBOT bevittnat en skyh\u00f6g period av snabb utveckling och till. P\u00e5 bara tre \u00e5r har DOBOT ut\u00f6kat sitt produktsystem genom att sl\u00e4ppa DOBOT Magician, DOBOT M1, DOBOT Mooz, DOBOT SR industriserier etc. och n\u00e5 kunder inom utbildning, n\u00e4ringsliv och industri.<\/p><p>Oavsett vilka framsteg och framsteg DOBOT har gjort under dessa \u00e5r har dess grundare, Jerry Liu, aldrig gl\u00f6mt sin ursprungliga avsikt, som \u00e4r att f\u00f6ra in robotar i hela v\u00e4rlden och in i vanliga m\u00e4nniskors liv genom att bryta gr\u00e4nserna f\u00f6r teknik och gr\u00e4nser . DOBOT kommer alltid att h\u00e5lla fast vid sitt uppdrag och hj\u00e4lpa m\u00e4nniskor att l\u00e4ra sig hur man tar f\u00f6rdelar med robotarmar f\u00f6r att f\u00f6rb\u00e4ttra sitt eget f\u00f6retag och liv.<\/p>","_et_gb_content_width":"","_monsterinsights_skip_tracking":false,"_monsterinsights_sitenote_active":false,"_monsterinsights_sitenote_note":"","_monsterinsights_sitenote_category":0,"footnotes":""},"class_list":["post-5406","page","type-page","status-publish","hentry"],"_links":{"self":[{"href":"https:\/\/robotservice.se\/en\/wp-json\/wp\/v2\/pages\/5406","targetHints":{"allow":["GET"]}}],"collection":[{"href":"https:\/\/robotservice.se\/en\/wp-json\/wp\/v2\/pages"}],"about":[{"href":"https:\/\/robotservice.se\/en\/wp-json\/wp\/v2\/types\/page"}],"author":[{"embeddable":true,"href":"https:\/\/robotservice.se\/en\/wp-json\/wp\/v2\/users\/7"}],"replies":[{"embeddable":true,"href":"https:\/\/robotservice.se\/en\/wp-json\/wp\/v2\/comments?post=5406"}],"version-history":[{"count":12,"href":"https:\/\/robotservice.se\/en\/wp-json\/wp\/v2\/pages\/5406\/revisions"}],"predecessor-version":[{"id":21218,"href":"https:\/\/robotservice.se\/en\/wp-json\/wp\/v2\/pages\/5406\/revisions\/21218"}],"wp:attachment":[{"href":"https:\/\/robotservice.se\/en\/wp-json\/wp\/v2\/media?parent=5406"}],"curies":[{"name":"wp","href":"https:\/\/api.w.org\/{rel}","templated":true}]}}