{"id":5378,"date":"2021-09-28T10:34:09","date_gmt":"2021-09-28T08:34:09","guid":{"rendered":"https:\/\/mydobot.se\/?page_id=5378"},"modified":"2022-01-05T12:58:09","modified_gmt":"2022-01-05T11:58:09","slug":"cr-serien","status":"publish","type":"page","link":"https:\/\/robotservice.se\/en\/cr-serien\/","title":{"rendered":"CR Serien"},"content":{"rendered":"<p>[et_pb_section fb_built=&#8221;1&#8243; admin_label=&#8221;section&#8221; _builder_version=&#8221;3.22&#8243; global_colors_info=&#8221;{}&#8221;][et_pb_row _builder_version=&#8221;4.14.4&#8243; _module_preset=&#8221;default&#8221;][et_pb_column _builder_version=&#8221;4.14.4&#8243; _module_preset=&#8221;default&#8221; type=&#8221;4_4&#8243;][et_pb_code _builder_version=&#8221;4.14.4&#8243; _module_preset=&#8221;default&#8221; hover_enabled=&#8221;0&#8243; sticky_enabled=&#8221;0&#8243;][wptb id=20892][\/et_pb_code][\/et_pb_column][\/et_pb_row][\/et_pb_section]<\/p>\n","protected":false},"excerpt":{"rendered":"<p>[wptb id=20892]<\/p>\n","protected":false},"author":7,"featured_media":0,"parent":0,"menu_order":0,"comment_status":"closed","ping_status":"closed","template":"","meta":{"_et_pb_use_builder":"on","_et_pb_old_content":"<table>\n\t\t\t<thead >\n\t\t\t\t<tr>\n\t\t\t\t\t<th   ><\/th><th   ><a href=\"\/product\/cr3\/\"><img src=\"https:\/\/ny.robotservice.se\/wp-content\/uploads\/2021\/09\/cr3-banner-1.png\"><\/a><\/th><th   ><a href=\"\/product\/cr5\/\"><img src=\"https:\/\/ny.robotservice.se\/wp-content\/uploads\/2021\/09\/cr5-banner-1.png\"><\/a><\/th><th   ><a href=\"\/product\/cr10\/\"><img src=\"https:\/\/ny.robotservice.se\/wp-content\/uploads\/2021\/09\/cr10-banner-1.png\"><\/a><\/th><th   ><a href=\"\/product\/cr16\/\"><img src=\"https:\/\/ny.robotservice.se\/wp-content\/uploads\/2021\/09\/cr16-banner-1.png\"><\/a><\/th>\t\t\t\t<\/tr>\n\t\t\t<\/thead>\n\t\t\t<tbody>\n\t\t\t\t<tr>\n\t\t\t\t\t<td   ><b>Robot Arm<\/b><\/td><td   ><a href=\"\/product\/CR3\/\"><b>CR3<\/b><\/a><\/td><td   ><a href=\"\/product\/cr5\/\"><b>CR5<\/b><\/a><\/td><td   ><a href=\"\/product\/cr10\/\"><b>CR10<\/b><\/a><\/td><td   ><a href=\"\/product\/CR16\/\"><b>CR16<\/b><\/a><\/td><\/tr><tr><td   >Pris<\/td><td   >[woocommerce_price id=\"5313\"]<\/td><td   >[woocommerce_price id=\"5561\"]<\/td><td   >[woocommerce_price id=\"5566\"]<\/td><td   >[woocommerce_price id=\"5568\"]<\/td><\/tr><tr><td   >Antal Axlar<\/td><td colSpan=\"4\"  >6<\/td><\/tr><tr><td   >Max Last<\/td><td   >3 Kg<\/td><td   >5 Kg<\/td><td   >10 Kg<\/td><td   >16 Kg<\/td><\/tr><tr><td   >R\u00e4ckvidd<\/td><td   >795 mm<\/td><td   >1096 mm<\/td><td   >1525 mm<\/td><td   >1223 mm<\/td><\/tr><tr><td   >Vikt<\/td><td   >16.5 Kg<\/td><td   >25 Kg<\/td><td   >40 Kg<\/td><td   >45 Kg<\/td><\/tr><tr><td   >Axelr\u00f6relsegrad<\/td><td colSpan=\"4\"  >\u00b1360\u00b0<\/td><\/tr><tr><td   >Maximal axelhastighet (1-2)<\/td><td colSpan=\"2\"  >180\u00b0\/s<\/td><td colSpan=\"2\"  >120\u00b0\/s<\/td><\/tr><tr><td   >Maximal axelhastighet (3-6)<\/td><td colSpan=\"4\"  >180\u00b0\/s<\/td><\/tr><tr><td   >Verktygshastighet<\/td><td   >2m\/s<\/td><td   >3m\/s<\/td><td   >4m\/s<\/td><td   >3m\/s<\/td><\/tr><tr><td   >Nogrannhet<\/td><td colSpan=\"4\"  >\u00b10.02 mm<\/td><\/tr><tr><td   >I\/O Portar<\/td><td colSpan=\"4\"  ><table class='inner-table'>\n<tr><td><\/td><th colspan=2>Controller<\/th><th colspan=2>Huvud<\/th>\n<\/tr>\n<tr><td><\/td><th>Ing\u00e5ngar<\/th><th>Utg\u00e5ngar<\/th><th>Ing\u00e5ngar<\/th><th>Utg\u00e5ngar<\/th><\/tr>\n<tr><th>Digitala<\/th><td>16<\/td><td>16<\/td><td>2<\/td><td>2<\/td><\/tr>\n<tr><th>Analoga<\/th><td>2<\/td><td>2<\/td><td>2<\/td><td>0<\/td><\/tr>\n<\/table><\/td><\/tr><tr><td   >I\/O Str\u00f6mf\u00f6rs\u00f6rjning<\/td><td colSpan=\"4\"  >DC 24V \/ 2A<\/td><\/tr><tr><td   >IP Klass<\/td><td colSpan=\"4\"  >IP54<\/td><\/tr><tr><td   >Kommunikation<\/td><td colSpan=\"4\"  >TCP\/IP, Modbus, EtherCAT, WIFI<\/td><\/tr><tr><td   >Material<\/td><td colSpan=\"4\"  >Aluminiumlegering, ABS plast<\/td><\/tr><tr><td   >Energif\u00f6rbrukning<\/td><td   >120W<\/td><td   >150W<\/td><td colSpan=\"2\"  >350W<\/td>\t\t\t\t<\/tr>\n\t\t\t<\/tbody>\n\t\t<\/table>","_et_gb_content_width":"","_monsterinsights_skip_tracking":false,"_monsterinsights_sitenote_active":false,"_monsterinsights_sitenote_note":"","_monsterinsights_sitenote_category":0,"footnotes":""},"class_list":["post-5378","page","type-page","status-publish","hentry"],"_links":{"self":[{"href":"https:\/\/robotservice.se\/en\/wp-json\/wp\/v2\/pages\/5378","targetHints":{"allow":["GET"]}}],"collection":[{"href":"https:\/\/robotservice.se\/en\/wp-json\/wp\/v2\/pages"}],"about":[{"href":"https:\/\/robotservice.se\/en\/wp-json\/wp\/v2\/types\/page"}],"author":[{"embeddable":true,"href":"https:\/\/robotservice.se\/en\/wp-json\/wp\/v2\/users\/7"}],"replies":[{"embeddable":true,"href":"https:\/\/robotservice.se\/en\/wp-json\/wp\/v2\/comments?post=5378"}],"version-history":[{"count":30,"href":"https:\/\/robotservice.se\/en\/wp-json\/wp\/v2\/pages\/5378\/revisions"}],"predecessor-version":[{"id":20893,"href":"https:\/\/robotservice.se\/en\/wp-json\/wp\/v2\/pages\/5378\/revisions\/20893"}],"wp:attachment":[{"href":"https:\/\/robotservice.se\/en\/wp-json\/wp\/v2\/media?parent=5378"}],"curies":[{"name":"wp","href":"https:\/\/api.w.org\/{rel}","templated":true}]}}