{"id":238,"date":"2018-11-07T09:31:19","date_gmt":"2018-11-07T08:31:19","guid":{"rendered":"http:\/\/www.snuff24.se\/demo\/?page_id=238"},"modified":"2026-02-13T14:45:58","modified_gmt":"2026-02-13T13:45:58","slug":"contact","status":"publish","type":"page","link":"https:\/\/robotservice.se\/en\/contact\/","title":{"rendered":"Contact"},"content":{"rendered":"<p>[et_pb_section fb_built=&#8221;1&#8243; admin_label=&#8221;section&#8221; _builder_version=&#8221;4.16&#8243; global_colors_info=&#8221;{}&#8221;][et_pb_row column_structure=&#8221;1_2,1_2&#8243; _builder_version=&#8221;4.16&#8243; _module_preset=&#8221;default&#8221; global_colors_info=&#8221;{}&#8221;][et_pb_column type=&#8221;1_2&#8243; _builder_version=&#8221;4.16&#8243; _module_preset=&#8221;default&#8221; global_colors_info=&#8221;{}&#8221;][et_pb_text _builder_version=&#8221;4.27.5&#8243; _module_preset=&#8221;default&#8221; hover_enabled=&#8221;0&#8243; global_colors_info=&#8221;{}&#8221; sticky_enabled=&#8221;0&#8243;]<\/p>\n<h3><strong>V\u00e4xel <\/strong><em>(Jour)<\/em><\/h3>\n<h4><a href=\"tel:0510-171 77\"><i class=\"fas fa-phone-alt \" ><\/i> 0510-171 77<\/a><\/h4>\n<p>[\/et_pb_text][et_pb_text _builder_version=&#8221;4.27.5&#8243; _module_preset=&#8221;default&#8221; hover_enabled=&#8221;0&#8243; global_colors_info=&#8221;{}&#8221; sticky_enabled=&#8221;0&#8243;]<\/p>\n<h3><strong>Mikael Jansson <\/strong><i>(<\/i><i>F\u00f6rs\u00e4ljning<\/i><i>)<\/i><\/h3>\n<h4><a href=\"tel:+46 70-671 07 63\"><i class=\"fas fa-phone-alt \" ><\/i> 070-671 07 63<\/a><\/h4>\n<h4><a href=\"mailto:info@robotservice.se\"><i class=\"fas fa-at \" ><\/i> info@robotservice.se<\/a><\/h4>\n<p>[\/et_pb_text][et_pb_text _builder_version=&#8221;4.27.5&#8243; _module_preset=&#8221;default&#8221; hover_enabled=&#8221;0&#8243; global_colors_info=&#8221;{}&#8221; sticky_enabled=&#8221;0&#8243;]<\/p>\n<h3><strong>Henrik Forsstr\u00f6m <\/strong><i>(<\/i><i>Servicetekniker<\/i><i>)<\/i><\/h3>\n<h4><a href=\"tel:+46 76-131 03 67\"><i class=\"fas fa-phone-alt \" ><\/i> 076-131 03 67<\/a><\/h4>\n<h4><a href=\"mailto:info@robotservice.se\"><i class=\"fas fa-at \" ><\/i> henrik@robotservice.se<\/a><\/h4>\n<p>[\/et_pb_text][et_pb_text _builder_version=&#8221;4.27.5&#8243; _module_preset=&#8221;default&#8221; hover_enabled=&#8221;0&#8243; global_colors_info=&#8221;{}&#8221; sticky_enabled=&#8221;0&#8243;]<\/p>\n<h3><strong>Anton Nystr\u00f6m <\/strong><i>(Servicetekniker, Marknadsf\u00f6ring)<\/i><\/h3>\n<h4><a href=\"tel:+46 72-231 70 28\"><i class=\"fas fa-phone-alt \" ><\/i> 072-231 70 28<\/a><\/h4>\n<h4><a href=\"mailto:info@robotservice.se\"><i class=\"fas fa-at \" ><\/i> antonn@robotservice.se<\/a><\/h4>\n<p>[\/et_pb_text][et_pb_text _builder_version=&#8221;4.27.5&#8243; _module_preset=&#8221;default&#8221; hover_enabled=&#8221;0&#8243; global_colors_info=&#8221;{}&#8221; sticky_enabled=&#8221;0&#8243;]<\/p>\n<h3 style=\"text-align: left;\"><strong>Martin Ek <\/strong><i>(<\/i><i>Tekniker<\/i><i>, Programmerare, <\/i><i>IT Ansvarig<\/i><i>)<\/i><\/h3>\n<h4><a href=\"tel:+46 72-231 70 33\"><i class=\"fas fa-phone-alt \" ><\/i> 072-231 70 33<\/a><\/h4>\n<h4><a href=\"mailto:info@robotservice.se\"><i class=\"fas fa-at \" ><\/i> martin@robotservice.se<\/a><\/h4>\n<p>[\/et_pb_text][et_pb_text _builder_version=&#8221;4.16&#8243; _module_preset=&#8221;default&#8221; global_colors_info=&#8221;{}&#8221;]<\/p>\n<h3><strong>Bes\u00f6ksaddress<\/strong><strong><\/strong><\/h3>\n<h3><a href=\"mailto:info@robotservice.se\"><\/a><a href=\"https:\/\/maps.app.goo.gl\/FXZXMgxVsBiFVGfW8\">EU Robotservice AB<\/a><\/h3>\n<h3>R\u00e5da, Gethalla 3, Jakobstorp<\/h3>\n<h3><a href=\"mailto:info@robotservice.se\"><\/a>Lidk\u00f6ping<\/h3>\n<p>&nbsp;<\/p>\n<p>58.521896985404, 13.115780675678947<\/p>\n<p>[\/et_pb_text][\/et_pb_column][et_pb_column type=&#8221;1_2&#8243; _builder_version=&#8221;4.16&#8243; _module_preset=&#8221;default&#8221; global_colors_info=&#8221;{}&#8221;][et_pb_contact_form use_spam_service=&#8221;on&#8221; recaptcha_list=&#8221;Default|Default-0&#8243; email=&#8221;martin@robotservice.se&#8221; title=&#8221;Kontakta oss&#8221; custom_message=&#8221;Meddelande fr\u00e5n robotservice.se formul\u00e4r:||et_pb_line_break_holder||||et_pb_line_break_holder||\u00c4rende: %%Type%%||et_pb_line_break_holder||Namn: %%Name%%||et_pb_line_break_holder||Email: %%Email%%||et_pb_line_break_holder||Telefon: %%Phone%%||et_pb_line_break_holder||F\u00f6retag: %%Business%%||et_pb_line_break_holder||Meddelande:||et_pb_line_break_holder||%%Message%%&#8221; success_message=&#8221;Meddelande skickat!&#8221; submit_button_text=&#8221;Skicka&#8221; _builder_version=&#8221;4.27.2&#8243; _module_preset=&#8221;default&#8221; _unique_id=&#8221;08fc3e81-262c-4e59-b3ff-54d854d96ab9&#8243; global_colors_info=&#8221;{}&#8221;][et_pb_contact_field field_id=&#8221;Name&#8221; field_title=&#8221;Namn&#8221; _builder_version=&#8221;4.16&#8243; global_colors_info=&#8221;{}&#8221; button_text_size__hover_enabled=&#8221;off&#8221; button_one_text_size__hover_enabled=&#8221;off&#8221; button_two_text_size__hover_enabled=&#8221;off&#8221; button_text_color__hover_enabled=&#8221;off&#8221; button_one_text_color__hover_enabled=&#8221;off&#8221; button_two_text_color__hover_enabled=&#8221;off&#8221; button_border_width__hover_enabled=&#8221;off&#8221; button_one_border_width__hover_enabled=&#8221;off&#8221; button_two_border_width__hover_enabled=&#8221;off&#8221; button_border_color__hover_enabled=&#8221;off&#8221; button_one_border_color__hover_enabled=&#8221;off&#8221; button_two_border_color__hover_enabled=&#8221;off&#8221; button_border_radius__hover_enabled=&#8221;off&#8221; button_one_border_radius__hover_enabled=&#8221;off&#8221; button_two_border_radius__hover_enabled=&#8221;off&#8221; button_letter_spacing__hover_enabled=&#8221;off&#8221; button_one_letter_spacing__hover_enabled=&#8221;off&#8221; button_two_letter_spacing__hover_enabled=&#8221;off&#8221; button_bg_color__hover_enabled=&#8221;off&#8221; button_one_bg_color__hover_enabled=&#8221;off&#8221; button_two_bg_color__hover_enabled=&#8221;off&#8221;][\/et_pb_contact_field][et_pb_contact_field field_id=&#8221;Email&#8221; field_title=&#8221;Email address&#8221; field_type=&#8221;email&#8221; _builder_version=&#8221;4.16&#8243; global_colors_info=&#8221;{}&#8221; button_text_size__hover_enabled=&#8221;off&#8221; button_one_text_size__hover_enabled=&#8221;off&#8221; button_two_text_size__hover_enabled=&#8221;off&#8221; button_text_color__hover_enabled=&#8221;off&#8221; button_one_text_color__hover_enabled=&#8221;off&#8221; button_two_text_color__hover_enabled=&#8221;off&#8221; button_border_width__hover_enabled=&#8221;off&#8221; button_one_border_width__hover_enabled=&#8221;off&#8221; button_two_border_width__hover_enabled=&#8221;off&#8221; button_border_color__hover_enabled=&#8221;off&#8221; button_one_border_color__hover_enabled=&#8221;off&#8221; button_two_border_color__hover_enabled=&#8221;off&#8221; button_border_radius__hover_enabled=&#8221;off&#8221; button_one_border_radius__hover_enabled=&#8221;off&#8221; button_two_border_radius__hover_enabled=&#8221;off&#8221; button_letter_spacing__hover_enabled=&#8221;off&#8221; button_one_letter_spacing__hover_enabled=&#8221;off&#8221; button_two_letter_spacing__hover_enabled=&#8221;off&#8221; button_bg_color__hover_enabled=&#8221;off&#8221; button_one_bg_color__hover_enabled=&#8221;off&#8221; button_two_bg_color__hover_enabled=&#8221;off&#8221;][\/et_pb_contact_field][et_pb_contact_field field_id=&#8221;Phone&#8221; field_title=&#8221;Telefon&#8221; fullwidth_field=&#8221;on&#8221; _builder_version=&#8221;4.16&#8243; _module_preset=&#8221;default&#8221; global_colors_info=&#8221;{}&#8221;][\/et_pb_contact_field][et_pb_contact_field field_id=&#8221;Type&#8221; field_title=&#8221;\u00c4rende&#8221; field_type=&#8221;select&#8221; select_options=&#8221;%91{%22value%22:%22Generell%22,%22checked%22:0,%22dragID%22:-1},{%22value%22:%22Prisf\u00f6rfr\u00e5gan%22,%22checked%22:0,%22dragID%22:0},{%22value%22:%22Support%22,%22checked%22:0,%22dragID%22:1},{%22value%22:%22Hemsidan%22,%22checked%22:0,%22dragID%22:2}%93&#8243; _builder_version=&#8221;4.16&#8243; _module_preset=&#8221;default&#8221; global_colors_info=&#8221;{}&#8221;][\/et_pb_contact_field][et_pb_contact_field field_id=&#8221;Business&#8221; field_title=&#8221;F\u00f6retagsnamn&#8221; required_mark=&#8221;off&#8221; _builder_version=&#8221;4.16&#8243; _module_preset=&#8221;default&#8221; global_colors_info=&#8221;{}&#8221;][\/et_pb_contact_field][et_pb_contact_field field_id=&#8221;Message&#8221; field_title=&#8221;Meddelande&#8221; field_type=&#8221;text&#8221; fullwidth_field=&#8221;on&#8221; _builder_version=&#8221;4.27.2&#8243; global_colors_info=&#8221;{}&#8221; button_text_size__hover_enabled=&#8221;off&#8221; button_one_text_size__hover_enabled=&#8221;off&#8221; button_two_text_size__hover_enabled=&#8221;off&#8221; button_text_color__hover_enabled=&#8221;off&#8221; button_one_text_color__hover_enabled=&#8221;off&#8221; button_two_text_color__hover_enabled=&#8221;off&#8221; button_border_width__hover_enabled=&#8221;off&#8221; button_one_border_width__hover_enabled=&#8221;off&#8221; button_two_border_width__hover_enabled=&#8221;off&#8221; button_border_color__hover_enabled=&#8221;off&#8221; button_one_border_color__hover_enabled=&#8221;off&#8221; button_two_border_color__hover_enabled=&#8221;off&#8221; button_border_radius__hover_enabled=&#8221;off&#8221; button_one_border_radius__hover_enabled=&#8221;off&#8221; button_two_border_radius__hover_enabled=&#8221;off&#8221; button_letter_spacing__hover_enabled=&#8221;off&#8221; button_one_letter_spacing__hover_enabled=&#8221;off&#8221; button_two_letter_spacing__hover_enabled=&#8221;off&#8221; button_bg_color__hover_enabled=&#8221;off&#8221; button_one_bg_color__hover_enabled=&#8221;off&#8221; button_two_bg_color__hover_enabled=&#8221;off&#8221;][\/et_pb_contact_field][\/et_pb_contact_form][\/et_pb_column][\/et_pb_row][\/et_pb_section]<\/p>\n","protected":false},"excerpt":{"rendered":"<p>V\u00e4xel (Jour) <i class=\"fas fa-phone-alt\" ><\/i> 0510-171 77Mikael Jansson (F\u00f6rs\u00e4ljning) <i class=\"fas fa-phone-alt\" ><\/i> 070-671 07 63 <i class=\"fas fa-at\" ><\/i> info@robotservice.seHenrik Forsstr\u00f6m (Servicetekniker) <i class=\"fas fa-phone-alt\" ><\/i> 076-131 03 67 <i class=\"fas fa-at\" ><\/i> henrik@robotservice.seAnton Nystr\u00f6m (Servicetekniker, Marknadsf\u00f6ring) <i class=\"fas fa-phone-alt\" ><\/i> 072-231 70 28 <i class=\"fa fa-&#8221;at&#8221;\" ><\/i><\/p>","protected":false},"author":7,"featured_media":0,"parent":0,"menu_order":0,"comment_status":"closed","ping_status":"closed","template":"","meta":{"_et_pb_use_builder":"on","_et_pb_old_content":"<h3><strong>Mikael Jansson <\/strong><i>(\u00c4gare)<br \/><\/i><a href=\"tel:+46706710763\">070-6710 763<\/a><br \/><a href=\"mailto:info@robotservice.se\">info@mydobot.se<\/a><\/h3><h3><strong>Martin Ek <\/strong><em>(Administrat\u00f6r)<\/em><br \/><a href=\"mailto:info@mydobot.se\">info@mydobot.se<\/a><\/h3>","_et_gb_content_width":"","_monsterinsights_skip_tracking":false,"_monsterinsights_sitenote_active":false,"_monsterinsights_sitenote_note":"","_monsterinsights_sitenote_category":0,"footnotes":""},"class_list":["post-238","page","type-page","status-publish","hentry"],"_links":{"self":[{"href":"https:\/\/robotservice.se\/en\/wp-json\/wp\/v2\/pages\/238","targetHints":{"allow":["GET"]}}],"collection":[{"href":"https:\/\/robotservice.se\/en\/wp-json\/wp\/v2\/pages"}],"about":[{"href":"https:\/\/robotservice.se\/en\/wp-json\/wp\/v2\/types\/page"}],"author":[{"embeddable":true,"href":"https:\/\/robotservice.se\/en\/wp-json\/wp\/v2\/users\/7"}],"replies":[{"embeddable":true,"href":"https:\/\/robotservice.se\/en\/wp-json\/wp\/v2\/comments?post=238"}],"version-history":[{"count":43,"href":"https:\/\/robotservice.se\/en\/wp-json\/wp\/v2\/pages\/238\/revisions"}],"predecessor-version":[{"id":21478,"href":"https:\/\/robotservice.se\/en\/wp-json\/wp\/v2\/pages\/238\/revisions\/21478"}],"wp:attachment":[{"href":"https:\/\/robotservice.se\/en\/wp-json\/wp\/v2\/media?parent=238"}],"curies":[{"name":"wp","href":"https:\/\/api.w.org\/{rel}","templated":true}]}}